{"id":170,"date":"2012-10-09T17:32:15","date_gmt":"2012-10-09T15:32:15","guid":{"rendered":"http:\/\/neomentys.de\/?page_id=170"},"modified":"2012-10-09T17:32:15","modified_gmt":"2012-10-09T15:32:15","slug":"marketingberatung","status":"publish","type":"page","link":"https:\/\/www.neomentys.de\/?page_id=170","title":{"rendered":"Marketingberatung"},"content":{"rendered":"<p>Gutes Marketing ist die Grundlage von Wachstum und Erfolg. Schlechtes Marketing ist sch\u00e4dlich, gef\u00e4hrlich und schwer r\u00fcckg\u00e4ngig zu machen.<\/p>\n<p>Marketing Beratung bedeutet f\u00fcr uns, die richtige Kommunikation auf den richtigen Wegen zum Zielpublikum zu transportieren. Da Marketing heute sehr vielf\u00e4ltig ist, bieten wir zwei Varianten an.<\/p>\n<p>Online Marketing hei\u00dft f\u00fcr uns, dass wir Ihre Botschaften im richtigen Format durch die richtigen Kan\u00e4le zu Ihrer Zielgruppe bringen. Jeder Schritt kann dabei gemessen werden. Bei jedem Punkt der Informationskette k\u00f6nnen wir zeitnah und flexibel eingreifen. Durch transparentes Handeln erhalten Sie einen vollen \u00dcberblick \u00fcber Kosten, Zeiten, Nutzen und ROI.<\/p>\n<p>Offline Marketingprozesse hei\u00dft f\u00fcr uns, die oft bestehende L\u00fccke zwischen Kreativen auf der einen und Technikern auf der anderen Seite zu schlie\u00dfen. Mit unserer Expertise verstehen wir die Ans\u00e4tze der Kreativen und k\u00f6nnen die sich daraus ergebenden Anforderungen in Systemanforderungen an die Technik kommunizieren. Gerne helfen wir auch bei der Umsetzung der Offline Marketingprozesse.<\/p>\n<p>Ihr Nutzen:<\/p>\n<ul>\n<li>Einf\u00fchrung \/ \u00dcbernahme von Online Marketing in Ihrem Unternehmen<\/li>\n<li>\u00dcbernahme von allen dazugeh\u00f6rigen Arbeiten (Grafiken, Banner etc.) wenn gew\u00fcnscht<\/li>\n<li>Keine Br\u00fcche mehr bei den Prozessen von Agentur zur Abwicklung<\/li>\n<li>Volle Transparenz \u00fcber Kosten, Nutzen und ROI.<\/li>\n<\/ul>\n","protected":false},"excerpt":{"rendered":"<p>Gutes Marketing ist die Grundlage von Wachstum und Erfolg. Schlechtes Marketing ist sch\u00e4dlich, gef\u00e4hrlich und schwer r\u00fcckg\u00e4ngig zu machen. Marketing Beratung bedeutet f\u00fcr uns, die richtige Kommunikation auf den richtigen Wegen zum Zielpublikum zu transportieren. Da Marketing heute sehr vielf\u00e4ltig ist, bieten wir zwei Varianten an. Online Marketing hei\u00dft f\u00fcr uns, dass wir Ihre Botschaften [&hellip;]<\/p>\n","protected":false},"author":1,"featured_media":0,"parent":0,"menu_order":0,"comment_status":"closed","ping_status":"closed","template":"","meta":[],"_links":{"self":[{"href":"https:\/\/www.neomentys.de\/index.php?rest_route=\/wp\/v2\/pages\/170"}],"collection":[{"href":"https:\/\/www.neomentys.de\/index.php?rest_route=\/wp\/v2\/pages"}],"about":[{"href":"https:\/\/www.neomentys.de\/index.php?rest_route=\/wp\/v2\/types\/page"}],"author":[{"embeddable":true,"href":"https:\/\/www.neomentys.de\/index.php?rest_route=\/wp\/v2\/users\/1"}],"replies":[{"embeddable":true,"href":"https:\/\/www.neomentys.de\/index.php?rest_route=%2Fwp%2Fv2%2Fcomments&post=170"}],"version-history":[{"count":1,"href":"https:\/\/www.neomentys.de\/index.php?rest_route=\/wp\/v2\/pages\/170\/revisions"}],"predecessor-version":[{"id":171,"href":"https:\/\/www.neomentys.de\/index.php?rest_route=\/wp\/v2\/pages\/170\/revisions\/171"}],"wp:attachment":[{"href":"https:\/\/www.neomentys.de\/index.php?rest_route=%2Fwp%2Fv2%2Fmedia&parent=170"}],"curies":[{"name":"wp","href":"https:\/\/api.w.org\/{rel}","templated":true}]}}