{"id":64,"date":"2012-09-14T11:44:03","date_gmt":"2012-09-14T09:44:03","guid":{"rendered":"http:\/\/verlagstadtpfade.de\/christianmewes\/?page_id=64"},"modified":"2012-10-15T16:28:28","modified_gmt":"2012-10-15T14:28:28","slug":"bereiche","status":"publish","type":"page","link":"https:\/\/www.neomentys.de\/?page_id=64","title":{"rendered":"Bereiche"},"content":{"rendered":"<p>Wir bieten unseren Kunden Leistungen in f\u00fcnf unterschiedlichen Bereichen an:<\/p>\n<p><a title=\"Management-Beratung\" href=\"http:\/\/neomentys.de\/?page_id=157\"><strong>Managementberatung<\/strong><\/a><\/p>\n<p>Hier bieten wir Unterst\u00fctzung im organisatorischen, betriebswirtschaftlichen und strategischen Bereichen an:<\/p>\n<p>Bei der\u00a0<strong>Turn around<\/strong>\u00a0&#8211; Beratung liegt der Fokus darauf, das Unternehmen aus einer schwierigen Phase hinaus zu f\u00fchren und auf einen profitablen, zukunftstr\u00e4chtigen Pfad zu bringen. Wir decken dabei alle Bereiche ab und unterst\u00fctzen das Unternehmen und die handelnden Personen ganzheitlich.<\/p>\n<p>Au\u00dferdem sind wir in den Themenfeldern\u00a0<strong>Wachstum &amp; Strategie<\/strong>\u00a0behilflich: Hier helfen wir neue erfolgversprechende Strategien mit dem Management des Unternehmens zu entwickeln und zu implementieren. Wir konzipieren, realisieren, optimieren und implementieren neue Wachstumskonzepte f\u00fcr unsere Kunden.<\/p>\n<p><a title=\"IT-Beratung\" href=\"http:\/\/neomentys.de\/?page_id=161\"><strong>IT-Beratung<\/strong><\/a><\/p>\n<p>Bei der IT-Beratung fokussieren wir uns auf die Themen betriebswirtschaftliche und kundenorientierte Softwarel\u00f6sungen (Enterprise Ressource Planning (<strong>ERP<\/strong>) und Customer Relationship Management (<strong>CRM<\/strong>)) sowie\u00a0<strong>Business Intelligence (BI)<\/strong>\u00a0und Data Warehouse. In diesen Bereichen kann durch den Einsatz von Softwarel\u00f6sungen ein erheblicher Nutzen f\u00fcr den Kunden generiert werden. Unsere Kunden profitieren von der weitreichenden Erfahrung unseres Teams.<\/p>\n<p><a title=\"Vertriebsberatung\" href=\"http:\/\/neomentys.de\/?page_id=165\"><strong>Vertriebsberatung<\/strong><\/a><\/p>\n<p>Mit der Anpassung von\u00a0<strong>Vertriebsstrukturen<\/strong>\u00a0werden neue Kundenbereiche erschlossen: Hier helfen wir unseren Kunden in der Optimierung bestehender Vertriebsstrukturen und helfen beim Aufbau. Das Management erh\u00e4lt durch ein angepasstes\u00a0<strong>Vertriebscontrolling<\/strong>\u00a0Transparenz im Vertriebsprozess.<\/p>\n<p><a title=\"Prozessberatung\" href=\"http:\/\/neomentys.de\/?page_id=168\"><strong>Prozessberatung<\/strong><\/a><\/p>\n<p>Im Rahmen der\u00a0<strong>Prozessoptimierung<\/strong>\u00a0werden bestehende Prozesse hinsichtlich Effizienz und\/oder Effektivit\u00e4t (meist in Kombination mit Management-Beratung) optimiert. Die gesamtheitliche Betrachtung der Unternehmensprozesse im\u00a0<strong>Prozessmanagement<\/strong>\u00a0erh\u00f6ht die Stabilit\u00e4t und Transparenz im Gesamtunternehmen.<\/p>\n<p><a title=\"Marketingberatung\" href=\"http:\/\/neomentys.de\/?page_id=170\"><strong>Marketingberatung<\/strong><\/a><\/p>\n<p>Die Positionierung der Produkte am Markt definiert, wie diese beim Kunden wahrgenommen werden k\u00f6nnen. Im\u00a0<strong>Online Marketing<\/strong>\u00a0sind gro\u00dfe Erfolge mit wenig Aufwand m\u00f6glich. Eine geschickte Nutzung der Online Marketing Klaviatur ist geboten, um weitreichenden Erfolg zu schaffen. Das\u00a0<strong>Offline Marketing<\/strong>\u00a0ist in vielen Bereichen f\u00fcr Kundenbindung und Aufbau des Markenwertes unverzichtbar.<\/p>\n","protected":false},"excerpt":{"rendered":"<p>Wir bieten unseren Kunden Leistungen in f\u00fcnf unterschiedlichen Bereichen an: Managementberatung Hier bieten wir Unterst\u00fctzung im organisatorischen, betriebswirtschaftlichen und strategischen Bereichen an: Bei der\u00a0Turn around\u00a0&#8211; Beratung liegt der Fokus darauf, das Unternehmen aus einer schwierigen Phase hinaus zu f\u00fchren und auf einen profitablen, zukunftstr\u00e4chtigen Pfad zu bringen. Wir decken dabei alle Bereiche ab und unterst\u00fctzen [&hellip;]<\/p>\n","protected":false},"author":1,"featured_media":0,"parent":0,"menu_order":0,"comment_status":"closed","ping_status":"closed","template":"","meta":[],"_links":{"self":[{"href":"https:\/\/www.neomentys.de\/index.php?rest_route=\/wp\/v2\/pages\/64"}],"collection":[{"href":"https:\/\/www.neomentys.de\/index.php?rest_route=\/wp\/v2\/pages"}],"about":[{"href":"https:\/\/www.neomentys.de\/index.php?rest_route=\/wp\/v2\/types\/page"}],"author":[{"embeddable":true,"href":"https:\/\/www.neomentys.de\/index.php?rest_route=\/wp\/v2\/users\/1"}],"replies":[{"embeddable":true,"href":"https:\/\/www.neomentys.de\/index.php?rest_route=%2Fwp%2Fv2%2Fcomments&post=64"}],"version-history":[{"count":18,"href":"https:\/\/www.neomentys.de\/index.php?rest_route=\/wp\/v2\/pages\/64\/revisions"}],"predecessor-version":[{"id":143,"href":"https:\/\/www.neomentys.de\/index.php?rest_route=\/wp\/v2\/pages\/64\/revisions\/143"}],"wp:attachment":[{"href":"https:\/\/www.neomentys.de\/index.php?rest_route=%2Fwp%2Fv2%2Fmedia&parent=64"}],"curies":[{"name":"wp","href":"https:\/\/api.w.org\/{rel}","templated":true}]}}